{"id":5,"date":"2009-09-01T20:54:09","date_gmt":"2009-09-01T18:54:09","guid":{"rendered":"http:\/\/www.delta-t.hu\/dtp\/?page_id=5"},"modified":"2015-07-05T11:09:47","modified_gmt":"2015-07-05T09:09:47","slug":"kazanhaz-uzemeltetes","status":"publish","type":"page","link":"https:\/\/www.delta-t.hu\/dtp\/?page_id=5","title":{"rendered":"Kaz\u00e1nh\u00e1z \u00fczemeltet\u00e9s"},"content":{"rendered":"<h3 style=\"text-align: center;\"><a href=\"https:\/\/www.delta-t.hu\/dtp\/wp-content\/uploads\/2015\/02\/Boiler-House-1904-e1423347488772.jpg\"><img loading=\"lazy\" class=\" size-full wp-image-302 alignnone\" src=\"https:\/\/www.delta-t.hu\/dtp\/wp-content\/uploads\/2015\/02\/Boiler-House-1904-e1423347488772.jpg\" alt=\"Boiler House 1904\" width=\"800\" height=\"460\" srcset=\"https:\/\/www.delta-t.hu\/dtp\/wp-content\/uploads\/2015\/02\/Boiler-House-1904-e1423347488772.jpg 800w, https:\/\/www.delta-t.hu\/dtp\/wp-content\/uploads\/2015\/02\/Boiler-House-1904-e1423347488772-300x173.jpg 300w\" sizes=\"(max-width: 800px) 100vw, 800px\" \/><\/a><\/h3>\n<p align=\"justify\">V\u00e1llaljuk minden t\u00edpus\u00fa kaz\u00e1n, ill. kaz\u00e1nh\u00e1z \u00fczemeltet\u00e9s\u00e9t, karbantart\u00e1s\u00e1t, hibaelh\u00e1r\u00edt\u00e1s\u00e1t, t\u00e1vfel\u00fcgyelet\u00e9t, az \u00fczemvitellel kapcsolatos \u00f6sszes hat\u00f3s\u00e1gi \u00e9s szakmai vizsg\u00e1lat\u00e1t.<\/p>\n<p align=\"justify\"><strong>\u00fczemeltet\u00e9s<\/strong><\/p>\n<p align=\"justify\">Az \u00fczemeltet\u00e9s lehets\u00e9ges fokozatai a havi egyszeri ellen\u0151rz\u00e9st\u0151l az \u00e1lland\u00f3 helysz\u00edni fel\u00fcgyeletig b\u00e1rmi lehets\u00e9ges az ig\u00e9nyekt\u0151l f\u00fcgg\u0151en. 140kW kaz\u00e1nteljes\u00edtm\u00e9ny felett a k\u00f6telez\u0151 \u00e1lland\u00f3 fel\u00fcgyelet helyett az olcs\u00f3bb, folyamatos g\u00e9pi fel\u00fcgyeletet, t\u00e1vfel\u00fcgyeletet javasoljuk a szabv\u00e1nyok adta lehet\u0151s\u00e9gk\u00e9nt. Az \u00fczemeltet\u00e9s a kaz\u00e1nh\u00e1z minden berendez\u00e9s\u00e9re, a komplett rendszerre terjed ki (kaz\u00e1n, szivatty\u00fa, motoros szelepek, szab\u00e1lyoz\u00f3k, biztons\u00e1gtechnikai \u00e9s t\u0171zv\u00e9delmi rendszer, v\u00edzl\u00e1gy\u00edt\u00f3, f\u0171t\u00e9si h\u00e1l\u00f3zat, g\u00e1zrendszer, elektromos h\u00e1l\u00f3zat stb..)<\/p>\n<p align=\"justify\"><strong>karbantart\u00e1s, jav\u00edt\u00e1s<\/strong><\/p>\n<p align=\"justify\">V\u00e1llaljuk az \u00f6sszes kaz\u00e1nh\u00e1zi f\u0151 \u00e9s seg\u00e9dberendez\u00e9s \u00fczemszer\u0171, biztons\u00e1gos, valamint gazdas\u00e1gos m\u0171k\u00f6dtethet\u0151s\u00e9g\u00e9hez sz\u00fcks\u00e9ges karbantart\u00e1si munk\u00e1k\u00e1inak elv\u00e9gz\u00e9s\u00e9t, az esetlegesen sz\u00fcks\u00e9gess\u00e9 v\u00e1l\u00f3 jav\u00edt\u00e1sok elv\u00e9gz\u00e9s\u00e9t.<\/p>\n<p align=\"justify\"><strong>hibaelh\u00e1r\u00edt\u00e1s<\/strong><\/p>\n<p align=\"justify\">Folyamatos g\u00e9p\u00e9sz, m\u0171szer\u00e9sz hibaelh\u00e1r\u00edt\u00f3 \u00fcgyelet\u00fcnk, ak\u00e1r egy \u00f3r\u00e1n bel\u00fcli helysz\u00ednre \u00e9rkez\u00e9ssel k\u00e9rhet\u0151.<\/p>\n<p align=\"justify\"><strong>Az \u00fczemel<\/strong><strong>tet\u00e9s kapcs\u00e1n felmer\u00fcl\u0151 \u00f6sszes vizsg\u00e1latra fel vagyunk k\u00e9sz\u00fclve:<\/strong><\/p>\n<div>\n<ul>\n<li>Kaz\u00e1nok m\u0171szaki biztons\u00e1gtechnikai vizsg\u00e1lata<\/li>\n<li>m\u0171szeres t\u00fczel\u00e9stechnikai vizsg\u00e1lat be\u00e1ll\u00edt\u00e1s<\/li>\n<li>k\u00f6rnyezetv\u00e9delmi emisszi\u00f3 m\u00e9r\u00e9s, pontforr\u00e1s bejelent\u00e9s<\/li>\n<li>laborat\u00f3riumi v\u00edzmin\u0151s\u00e9gi vizsg\u00e1lat<\/li>\n<li>G\u00e1z\u00e9rz\u00e9kel\u0151k ellen\u0151rz\u00e9se<\/li>\n<li>villamos szabv\u00e1nyoss\u00e1gi vizsg\u00e1lat (5 \u00e9venk\u00e9nt k\u00f6telez\u0151)<\/li>\n<li>villamos \u00e9rint\u00e9sv\u00e9delmi vizsg\u00e1lat (3 \u00e9venk\u00e9nt k\u00f6telez\u0151)<\/li>\n<li>id\u0151szakosan fel\u00fcgyelt kaz\u00e1nok negyed\u00e9ves vizsg\u00e1latai<\/li>\n<li>fogyaszt\u00e1sm\u00e9r\u0151k, k\u00f6lts\u00e9gmegoszt\u00f3k, v\u00edzm\u00e9r\u0151k, ki\u00e9rt\u00e9kel\u00e9se, k\u00f6lts\u00e9gmegoszt\u00e1s<\/li>\n<li>energia fogyaszt\u00e1s folyamatos ki\u00e9rt\u00e9kel\u00e9se, kontroll\u00e1l\u00e1sa, az \u00fczemvitel hat\u00e9konys\u00e1g\u00e1nak dokument\u00e1l\u00e1sa, megtakar\u00edt\u00e1sok, vagy meghib\u00e1sod\u00e1s okozta t\u00falfogyaszt\u00e1sok kimutat\u00e1sa a k\u00fcls\u0151 h\u0151m\u00e9rs\u00e9klet v\u00e1ltoz\u00e1s hat\u00e1s\u00e1nak kisz\u0171r\u00e9s\u00e9vel, m\u00e1s \u00e9p\u00fcletekkel \u00f6sszehasonl\u00edt\u00e1s, fajlagos energetikai mutat\u00f3k, jellemz\u0151k sz\u00e1m\u00edt\u00e1sa energia megtakar\u00edt\u00e1si c\u00e9lzattal. lsd.H\u0151h\u00edd adatb\u00e1zis, ill. a m\u00e9rn\u00f6ki tev\u00e9kenys\u00e9gek c\u00edm\u0171 oldalon.<\/li>\n<\/ul>\n<\/div>\n<p align=\"justify\"><strong>Referencia helyeink<\/strong><\/p>\n<p align=\"justify\">Iskol\u00e1k,\u00a0hivatalok, int\u00e9zm\u00e9nyek, t\u00e1rsash\u00e1zak, de van uszod\u00e1nk, \u00e9s t\u00f6bb sz\u00e1llod\u00e1nk is. \u00c9rdekl\u0151d\u00e9s eset\u00e9n, b\u00e1rmelyik referenciahely\u00fcnk megtekinthet\u0151 el\u0151zetes egyeztet\u00e9st k\u00f6vet\u0151en.<\/p>\n","protected":false},"excerpt":{"rendered":"<p>V\u00e1llaljuk minden t\u00edpus\u00fa kaz\u00e1n, ill. kaz\u00e1nh\u00e1z \u00fczemeltet\u00e9s\u00e9t, karbantart\u00e1s\u00e1t, hibaelh\u00e1r\u00edt\u00e1s\u00e1t, t\u00e1vfel\u00fcgyelet\u00e9t, az \u00fczemvitellel kapcsolatos \u00f6sszes hat\u00f3s\u00e1gi \u00e9s szakmai vizsg\u00e1lat\u00e1t. \u00fczemeltet\u00e9s Az \u00fczemeltet\u00e9s lehets\u00e9ges fokozatai a havi egyszeri ellen\u0151rz\u00e9st\u0151l az \u00e1lland\u00f3 helysz\u00edni fel\u00fcgyeletig b\u00e1rmi lehets\u00e9ges az ig\u00e9nyekt\u0151l f\u00fcgg\u0151en. 140kW kaz\u00e1nteljes\u00edtm\u00e9ny felett a k\u00f6telez\u0151 \u00e1lland\u00f3 fel\u00fcgyelet helyett az olcs\u00f3bb, folyamatos g\u00e9pi fel\u00fcgyeletet, t\u00e1vfel\u00fcgyeletet javasoljuk a szabv\u00e1nyok adta lehet\u0151s\u00e9gk\u00e9nt. &hellip; <a href=\"https:\/\/www.delta-t.hu\/dtp\/?page_id=5\" class=\"more-link\"><span class=\"screen-reader-text\">Kaz\u00e1nh\u00e1z \u00fczemeltet\u00e9s<\/span> r\u00e9szletei&#8230;<\/a><\/p>\n","protected":false},"author":1,"featured_media":0,"parent":0,"menu_order":0,"comment_status":"closed","ping_status":"closed","template":"","meta":[],"_links":{"self":[{"href":"https:\/\/www.delta-t.hu\/dtp\/index.php?rest_route=\/wp\/v2\/pages\/5"}],"collection":[{"href":"https:\/\/www.delta-t.hu\/dtp\/index.php?rest_route=\/wp\/v2\/pages"}],"about":[{"href":"https:\/\/www.delta-t.hu\/dtp\/index.php?rest_route=\/wp\/v2\/types\/page"}],"author":[{"embeddable":true,"href":"https:\/\/www.delta-t.hu\/dtp\/index.php?rest_route=\/wp\/v2\/users\/1"}],"replies":[{"embeddable":true,"href":"https:\/\/www.delta-t.hu\/dtp\/index.php?rest_route=%2Fwp%2Fv2%2Fcomments&post=5"}],"version-history":[{"count":0,"href":"https:\/\/www.delta-t.hu\/dtp\/index.php?rest_route=\/wp\/v2\/pages\/5\/revisions"}],"wp:attachment":[{"href":"https:\/\/www.delta-t.hu\/dtp\/index.php?rest_route=%2Fwp%2Fv2%2Fmedia&parent=5"}],"curies":[{"name":"wp","href":"https:\/\/api.w.org\/{rel}","templated":true}]}}