{"id":313,"date":"2015-02-08T16:44:52","date_gmt":"2015-02-08T14:44:52","guid":{"rendered":"http:\/\/www.delta-t.hu\/?page_id=313"},"modified":"2016-04-02T09:27:05","modified_gmt":"2016-04-02T07:27:05","slug":"ddc","status":"publish","type":"page","link":"https:\/\/www.delta-t.hu\/dtp\/?page_id=313","title":{"rendered":"DDC"},"content":{"rendered":"<h3><span style=\"font-size: medium;\"><strong><a href=\"https:\/\/www.delta-t.hu\/dtp\/wp-content\/uploads\/2015\/02\/ddc6.jpg\"><img loading=\"lazy\" class=\"aligncenter size-full wp-image-334\" src=\"https:\/\/www.delta-t.hu\/dtp\/wp-content\/uploads\/2015\/02\/ddc6.jpg\" alt=\"ddc6\" width=\"883\" height=\"311\" srcset=\"https:\/\/www.delta-t.hu\/dtp\/wp-content\/uploads\/2015\/02\/ddc6.jpg 883w, https:\/\/www.delta-t.hu\/dtp\/wp-content\/uploads\/2015\/02\/ddc6-300x106.jpg 300w\" sizes=\"(max-width: 883px) 100vw, 883px\" \/><\/a>A DDC szab\u00e1lyoz\u00f3 k\u00e9sz\u00fcl\u00e9k ismertet\u00e9se<\/strong><\/span><\/h3>\n<figure style=\"width: 200px\" class=\"wp-caption alignright\"><a class=\"shutterset_01\" href=\"https:\/\/www.delta-t.hu\/dtp\/et\/keptar_dtp\/sema_3.jpg\"><img loading=\"lazy\" class=\" \" src=\"https:\/\/www.delta-t.hu\/dtp\/et\/keptar_dtp\/thumbs_sema_3.jpg\" alt=\"\" width=\"200\" height=\"150\" \/><\/a><figcaption class=\"wp-caption-text\">Internet hozz\u00e1f\u00e9r\u00e9s s\u00e9ma<\/figcaption><\/figure>\n<p style=\"text-align: justify;\">A t\u00e1vfel\u00fcgyelt folyamatir\u00e1ny\u00edt\u00e1s alapja egy mikroprocesszoros szab\u00e1lyoz\u00f3, folyamatir\u00e1ny\u00edt\u00f3 DDC k\u00e9sz\u00fcl\u00e9k k\u00e9sz\u00fcl\u00e9k mely tetsz\u0151leges sz\u00e1m\u00fa k\u00e9t\u00e1llapot\u00fa, \u00e9s anal\u00f3g bemenet\u00e9re kapcsolt \u00e9rz\u00e9kel\u0151k\u00f6n kereszt\u00fcl gy\u0171jt inform\u00e1ci\u00f3kat a technol\u00f3giai folyamatr\u00f3l, \u00e9s rel\u00e9s, vagy anal\u00f3g kimeneteire kapcsolt beavatkoz\u00f3 szerveken (pl. szelepek, szivatty\u00fak,\u00a0motorok, zsaluk), berendez\u00e9seken kereszt\u00fcl avatkozik be a technol\u00f3giai folyamatba. A ki \u00e9s bemenetek k\u00f6z\u00f6tt szabadon programozhat\u00f3 szoftver teremt kapcsolatot. A szoftver hat\u00e1rozza meg a k\u00e9sz\u00fcl\u00e9k m\u0171k\u00f6d\u00e9s\u00e9t. V\u00e9gezhet k\u00fcl\u00f6nb\u00f6z\u0151 szab\u00e1lyoz\u00e1sokat, algoritmusokat, bonyolult logikai feladatokat, adatgy\u0171jt\u00e9st, esem\u00e9nyfigyel\u00e9st, napl\u00f3z\u00e1st. A k\u00e9sz\u00fcl\u00e9k interneten kereszt\u00fcl megval\u00f3s\u00edtott kommunik\u00e1ci\u00f3s kapcsolta adja a t\u00e1vfel\u00fcgyelet lehet\u0151s\u00e9g\u00e9t. Azaz a k\u00e9sz\u00fcl\u00e9khez val\u00f3 t\u00e1voli hozz\u00e1f\u00e9r\u00e9st, ill. a k\u00e9sz\u00fcl\u00e9kt\u0151l \u00e9rkez\u0151 jelz\u00e9sek fogad\u00e1s\u00e1t. A kezelt \u00e9rz\u00e9kel\u0151k \u00e9s a beavatkoz\u00e1si lehet\u0151s\u00e9gek sz\u00e1<a class=\"shutterset_01\" href=\"https:\/\/www.delta-t.hu\/dtp\/et\/keptar_dtp\/hazkep.jpg\"><img loading=\"lazy\" class=\"alignleft\" src=\"https:\/\/www.delta-t.hu\/dtp\/et\/keptar_dtp\/thumbs_hazkep.jpg\" alt=\"\" width=\"200\" height=\"150\" \/><\/a>ma modul\u00e1risan illeszthet\u0151 a technol\u00f3giai folyamathoz, m\u0171k\u00f6dtet\u0151 szoftver szabadon fejleszthet\u0151. A sz\u00e1m\u00edt\u00f3g\u00e9pes megjelen\u00edt\u0151 rendszer Windows alap\u00fa JAVA fejleszt\u00e9s, MYSQL adatb\u00e1zis t\u00e1mogat\u00e1ssal. E k\u00e9t ut\u00f3bbi ny\u00edlt forr\u00e1sk\u00f3d\u00fa, ingyenes \u00e9s k\u00f6zkedvelt szoftver.<\/p>\n<p>N\u00e9h\u00e1ny gyakran haszn\u00e1lt szab\u00e1lyoz\u00e1stechnikai modul:<\/p>\n<ul>\n<li>K\u00fcls\u0151 h\u0151m\u00e9rs\u00e9klet k\u00f6vet\u0151 szab\u00e1lyoz\u00e1s motoros szelep m\u0171k\u00f6dtet\u00e9ssel<\/li>\n<li>K\u00fcls\u0151 h\u0151m\u00e9rs\u00e9klet k\u00f6vet\u0151 szab\u00e1lyoz\u00e1s kisl\u00e1ng\/nagyl\u00e1ng, vagy folyamatos l\u00e1ngszab\u00e1lyoz\u00e1ssal<\/li>\n<li>Haszn\u00e1lati melegv\u00edz szab\u00e1lyoz\u00e1s motoros szelep, vagy t\u00f6lt\u0151 szivatty\u00faval<\/li>\n<li>F\u0171t\u00e9si szivatty\u00fa h\u0151ig\u00e9ny szerinti m\u0171k\u00f6dtet\u00e9se, folyamtos, \u00e9s\/vagy ki\/be kapcsol\u00e1ssal<\/li>\n<li>Kaz\u00e1n h\u0151m\u00e9rs\u00e9klet \u00e9s teljes\u00edtm\u00e9ny szab\u00e1lyoz\u00e1s 2p, 3p,0-10V<\/li>\n<li>Kaz\u00e1n kaszk\u00e1d szab\u00e1lyoz\u00e1s<\/li>\n<li>Kaz\u00e1n visszakever\u0151 szivatty\u00fa szab\u00e1lyoz\u00e1s<\/li>\n<li>Kaz\u00e1n marad\u00e9k h\u0151 elvon\u00e1s<\/li>\n<li>kaz\u00e1n l\u00e9ptet\u00e9s fokozatos felmeleg\u00edt\u00e9s v\u00e9delemmel<\/li>\n<li>napkollektor rendszerbe illeszt\u00e9se<\/li>\n<li>h\u0151szivatty\u00fa rendszerbe illeszt\u00e9se<\/li>\n<li>vizes kandall\u00f3 rendszerbe illeszt\u00e9se<\/li>\n<li>H\u0151t\u00e1rol\u00f3 rendszerbe illeszt\u00e9se<\/li>\n<li>Automatikus nyom\u00e1start\u00e1s, p\u00f3tv\u00edzut\u00e1nt\u00f6lt\u00e9s<\/li>\n<li>cs\u0151t\u00f6r\u00e9s figyel\u00e9s<\/li>\n<li>bel\u00e9p\u00e9s azonos\u00edt\u00e1s<\/li>\n<li>h\u0151mennyis\u00e9gm\u00e9r\u0151 t\u00e1vleolvas\u00e1s<\/li>\n<li>uszadav\u00edz h\u0151m\u00e9rs\u00e9klet szab\u00e1lyoz\u00e1s, v\u00edzkezel\u00e9s m\u0171k\u00f6dtet\u00e9se<\/li>\n<li>kertit\u00f3 f\u0171t\u00e9s, sz\u00f6k\u0151k\u00fat, kerti vil\u00e1g\u00edt\u00e1s, \u00f6nt\u00f6z\u0151rendszer vez\u00e9rl\u00e9s, \u00e1rny\u00e9kol\u00f3mozgat\u00e1s<\/li>\n<\/ul>\n<p>Ig\u00e9ny alapj\u00e1n tetsz\u0151leges algoritmust elk\u00e9sz\u00edt\u00fcnk.<\/p>\n<p>A DDC r\u00e9szletes m\u0171szaki adatai a gy\u00e1rt\u00f3 <a href=\"http:\/\/www.telekont.hu\" target=\"_blank\">Telekont Kft honlapj\u00e1n<\/a> olvashat\u00f3:<\/p>\n<p><span style=\"font-size: medium;\"><strong>finansz\u00edroz\u00e1s<\/strong><\/span><\/p>\n<p style=\"text-align: justify;\">A rendszer minim\u00e1lis ki\u00e9p\u00edt\u00e9si k\u00f6lts\u00e9ge egy 57-2000 kW kaz\u00e1nh\u00e1zra 350eFt, az \u00fczemeltet\u00e9si k\u00f6lts\u00e9g jellemz\u0151en 7eFt\/h\u00f3. C\u00e9g\u00fcnk v\u00e1llalja a komplett rendszer ki\u00e9p\u00edt\u00e9s\u00e9t. Lehet\u0151s\u00e9g van a rendszer b\u00e9rl\u00e9s\u00e9re is.<\/p>\n<hr \/>\n<p><span style=\"font-size: medium;\"><strong>DAISY referencia helyek<\/strong><\/span><\/p>\n<ul>\n<li>\n<div>Budapesti M\u0171szaki Egyetem 2 db h\u0151k\u00f6zpont<\/div>\n<\/li>\n<li>\n<div>Sz\u00e9kesfeh\u00e9rv\u00e1r Sz\u00e9ph\u0151 RT 107 db kaz\u00e1nh\u00e1z ill. h\u0151k\u00f6zpont<\/div>\n<\/li>\n<li>\n<div>Tatab\u00e1nya Komt\u00e1vh\u0151 40 db kaz\u00e1nh\u00e1z ill. h\u0151k\u00f6zpont<\/div>\n<\/li>\n<li>\n<div>Oroszl\u00e1ny T\u00e1vh\u0151szolg\u00e1ltat\u00f3 RT 4 db kaz\u00e1nh\u00e1z ill. h\u0151k\u00f6zpont<\/div>\n<\/li>\n<li>\n<div>Kecskem\u00e9t Termoszt\u00e1r kft 8 db kaz\u00e1nh\u00e1z ill. h\u0151k\u00f6zpont<\/div>\n<\/li>\n<li>\n<div>Salg\u00f3tarj\u00e1n N\u00f3gr\u00e1dh\u0151 5 db kaz\u00e1nh\u00e1z ill. h\u0151k\u00f6zpont<\/div>\n<\/li>\n<li>\n<div>H\u00f3dmez\u0151v\u00e1s\u00e1rhelyi Porcel\u00e1ngy\u00e1r 2 db kaz\u00e1nh\u00e1z ill. h\u0151k\u00f6zpont<\/div>\n<\/li>\n<li>\n<div>Duna\u00fajv\u00e1rosi Dunaquaterm 10 db h\u0151k\u00f6zpont<\/div>\n<\/li>\n<li>\n<div>P\u00e9csi T\u00e1vf\u0171t\u0151 v\u00e1llalat 23 db h\u0151k\u00f6zpont<\/div>\n<\/li>\n<li>\n<div>Baj Komt\u00e1vh\u0151 egy kaz\u00e1nh\u00e1z \u00e9s egy h\u0151k\u00f6zpont<\/div>\n<\/li>\n<li>\n<div>Gy\u0151ri T\u00e1vf\u0171t\u0151 V\u00e1llalat egy h\u0151k\u00f6zpont<\/div>\n<\/li>\n<li>\n<div>Dunakeszi T\u00e1vf\u0171t\u0151 V\u00e1llalat 2 db h\u0151k\u00f6zpont<\/div>\n<\/li>\n<li>\n<div>\u00d3zdi H\u0151szolg\u00e1ltat\u00f3 Kft.<\/div>\n<\/li>\n<li>\n<div>M\u00e1t\u00e9szalkai H\u0151szolg\u00e1ltat\u00f3 kft 20 db h\u0151k\u00f6zpont<\/div>\n<\/li>\n<li>\n<div>Ny\u00edregyh\u00e1za Ny\u00edrt\u00e1vh\u0151.<\/div>\n<\/li>\n<li>\n<div>Ajka Primer kft<\/div>\n<\/li>\n<li>\n<div>Esztergom Komt\u00e1vh\u0151.<\/div>\n<\/li>\n<li>\n<div>Dorog Komt\u00e1vh\u0151<\/div>\n<\/li>\n<li>\n<div>BABCOCK Bergmann GmbH Wessel<\/div>\n<\/li>\n<li>\n<div>COMPASS GmbH Dortmund<\/div>\n<\/li>\n<li>\n<div>KRUPP ATLAS GmbH Essen<\/div>\n<\/li>\n<li>\n<div>LMG GmbH Essen<\/div>\n<\/li>\n<li>\n<div>TITZE Datensysteme Gmbh Renningen<\/div>\n<\/li>\n<li>\n<div>Hotelek, uszod\u00e1k, iskol\u00e1k, \u00f3vod\u00e1k, int\u00e9zm\u00e9nyek, irodah\u00e1zak, t\u00e1rsash\u00e1zak<\/div>\n<\/li>\n<\/ul>\n<p>K\u00e9r\u00e9s\u00fckre a referenciahelyek megtekinthet\u0151ek.<\/p>\n<table border=\"0\" width=\"100%\" cellspacing=\"0\" cellpadding=\"0\">\n<tbody>\n<tr>\n<td width=\"100%\"><\/td>\n<\/tr>\n<\/tbody>\n<\/table>\n","protected":false},"excerpt":{"rendered":"<p>A DDC szab\u00e1lyoz\u00f3 k\u00e9sz\u00fcl\u00e9k ismertet\u00e9se A t\u00e1vfel\u00fcgyelt folyamatir\u00e1ny\u00edt\u00e1s alapja egy mikroprocesszoros szab\u00e1lyoz\u00f3, folyamatir\u00e1ny\u00edt\u00f3 DDC k\u00e9sz\u00fcl\u00e9k k\u00e9sz\u00fcl\u00e9k mely tetsz\u0151leges sz\u00e1m\u00fa k\u00e9t\u00e1llapot\u00fa, \u00e9s anal\u00f3g bemenet\u00e9re kapcsolt \u00e9rz\u00e9kel\u0151k\u00f6n kereszt\u00fcl gy\u0171jt inform\u00e1ci\u00f3kat a technol\u00f3giai folyamatr\u00f3l, \u00e9s rel\u00e9s, vagy anal\u00f3g kimeneteire kapcsolt beavatkoz\u00f3 szerveken (pl. szelepek, szivatty\u00fak,\u00a0motorok, zsaluk), berendez\u00e9seken kereszt\u00fcl avatkozik be a technol\u00f3giai folyamatba. A ki \u00e9s bemenetek k\u00f6z\u00f6tt &hellip; <a href=\"https:\/\/www.delta-t.hu\/dtp\/?page_id=313\" class=\"more-link\"><span class=\"screen-reader-text\">DDC<\/span> r\u00e9szletei&#8230;<\/a><\/p>\n","protected":false},"author":1,"featured_media":0,"parent":0,"menu_order":0,"comment_status":"closed","ping_status":"closed","template":"","meta":[],"_links":{"self":[{"href":"https:\/\/www.delta-t.hu\/dtp\/index.php?rest_route=\/wp\/v2\/pages\/313"}],"collection":[{"href":"https:\/\/www.delta-t.hu\/dtp\/index.php?rest_route=\/wp\/v2\/pages"}],"about":[{"href":"https:\/\/www.delta-t.hu\/dtp\/index.php?rest_route=\/wp\/v2\/types\/page"}],"author":[{"embeddable":true,"href":"https:\/\/www.delta-t.hu\/dtp\/index.php?rest_route=\/wp\/v2\/users\/1"}],"replies":[{"embeddable":true,"href":"https:\/\/www.delta-t.hu\/dtp\/index.php?rest_route=%2Fwp%2Fv2%2Fcomments&post=313"}],"version-history":[{"count":0,"href":"https:\/\/www.delta-t.hu\/dtp\/index.php?rest_route=\/wp\/v2\/pages\/313\/revisions"}],"wp:attachment":[{"href":"https:\/\/www.delta-t.hu\/dtp\/index.php?rest_route=%2Fwp%2Fv2%2Fmedia&parent=313"}],"curies":[{"name":"wp","href":"https:\/\/api.w.org\/{rel}","templated":true}]}}