{"id":2,"date":"2009-09-01T19:55:39","date_gmt":"2009-09-01T17:55:39","guid":{"rendered":"http:\/\/www.delta-t.hu\/dtp\/?page_id=2"},"modified":"2019-07-14T10:59:15","modified_gmt":"2019-07-14T08:59:15","slug":"magunkrol","status":"publish","type":"page","link":"https:\/\/www.delta-t.hu\/dtp\/","title":{"rendered":"Kezd\u0151lap"},"content":{"rendered":"<p><strong>\u00dcdv\u00f6z\u00f6lj\u00fck a\u00a0 DELTA T PLUSZ KFT honlapj\u00e1n<\/strong><\/p>\n<h3><a href=\"https:\/\/www.delta-t.hu\/dtp\/wp-content\/uploads\/2015\/07\/fokep3_.jpg\"><img loading=\"lazy\" class=\"aligncenter size-full wp-image-365\" src=\"https:\/\/www.delta-t.hu\/dtp\/wp-content\/uploads\/2015\/07\/fokep3_.jpg\" alt=\"fokep3_\" width=\"910\" height=\"489\" srcset=\"https:\/\/www.delta-t.hu\/dtp\/wp-content\/uploads\/2015\/07\/fokep3_.jpg 910w, https:\/\/www.delta-t.hu\/dtp\/wp-content\/uploads\/2015\/07\/fokep3_-300x161.jpg 300w\" sizes=\"(max-width: 910px) 100vw, 910px\" \/><\/a>Kaz\u00e1nh\u00e1zakkal kapcsolatos szolg\u00e1ltat\u00e1saink:<\/h3>\n<ul>\n<ul>\n<li>Kaz\u00e1nh\u00e1zak \u00fczemeltet\u00e9se, t\u00e1vfel\u00fcgyelete, karbantart\u00e1sa<\/li>\n<li>K\u00e1z\u00e1nh\u00e1zi szab\u00e1lyoz\u00e1stechnika, t\u00e1vm\u0171k\u00f6dtet\u00e9s<\/li>\n<li>Kaz\u00e1nh\u00e1z energia optimaliz\u00e1lt m\u0171k\u00f6dtet\u00e9se<\/li>\n<li>Energia felhaszn\u00e1l\u00e1s folyamatos kontroll\u00e1l\u00e1sa<\/li>\n<li>Hidraulikai, h\u0151technikai sz\u00e1m\u00edt\u00e1sok<\/li>\n<li>Szivatty\u00fa, h\u0151cser\u00e9l\u0151 m\u00e9retez\u00e9s<\/li>\n<li>\u00c9p\u00fcletenergetikai min\u0151s\u00e9gtan\u00fas\u00edt\u00e1s<\/li>\n<li>H\u0151termel\u0151k fel\u00fclvizsg\u00e1lata<\/li>\n<li style=\"text-align: justify;\">\u00c9p\u00fcletautomatiz\u00e1l\u00e1s, okosh\u00e1z megold\u00e1sok<strong><a href=\"https:\/\/www.delta-t.hu\/dtp\/egyebek\/nev_bal.gif\"><img loading=\"lazy\" class=\"aligncenter\" src=\"https:\/\/www.delta-t.hu\/dtp\/egyebek\/nev_bal.gif\" alt=\"\" width=\"150\" height=\"30\" \/><\/a><\/strong><a href=\"https:\/\/www.delta-t.hu\/dtp\/?attachment_id=400\" rel=\"attachment wp-att-400\"><img loading=\"lazy\" class=\"aligncenter size-full wp-image-400\" src=\"https:\/\/www.delta-t.hu\/dtp\/wp-content\/uploads\/2017\/05\/fgz_sticker_small.png\" alt=\"fgz_sticker_small\" width=\"200\" height=\"130\" \/><\/a><img class=\" aligncenter\" style=\"border-radius: 10px; box-shadow: 0 0 3px 3px #ddd; border: 1px solid grey;\" src=\"http:\/\/www.megbizhatoceg.com\/assets\/img\/pieczec.php?l=hu&amp;i=8832\" alt=\"\" \/><\/li>\n<\/ul>\n<\/ul>\n","protected":false},"excerpt":{"rendered":"<p>\u00dcdv\u00f6z\u00f6lj\u00fck a\u00a0 DELTA T PLUSZ KFT honlapj\u00e1n Kaz\u00e1nh\u00e1zakkal kapcsolatos szolg\u00e1ltat\u00e1saink: Kaz\u00e1nh\u00e1zak \u00fczemeltet\u00e9se, t\u00e1vfel\u00fcgyelete, karbantart\u00e1sa K\u00e1z\u00e1nh\u00e1zi szab\u00e1lyoz\u00e1stechnika, t\u00e1vm\u0171k\u00f6dtet\u00e9s Kaz\u00e1nh\u00e1z energia optimaliz\u00e1lt m\u0171k\u00f6dtet\u00e9se Energia felhaszn\u00e1l\u00e1s folyamatos kontroll\u00e1l\u00e1sa Hidraulikai, h\u0151technikai sz\u00e1m\u00edt\u00e1sok Szivatty\u00fa, h\u0151cser\u00e9l\u0151 m\u00e9retez\u00e9s \u00c9p\u00fcletenergetikai min\u0151s\u00e9gtan\u00fas\u00edt\u00e1s H\u0151termel\u0151k fel\u00fclvizsg\u00e1lata \u00c9p\u00fcletautomatiz\u00e1l\u00e1s, okosh\u00e1z megold\u00e1sok<\/p>\n","protected":false},"author":1,"featured_media":0,"parent":0,"menu_order":0,"comment_status":"closed","ping_status":"closed","template":"","meta":[],"_links":{"self":[{"href":"https:\/\/www.delta-t.hu\/dtp\/index.php?rest_route=\/wp\/v2\/pages\/2"}],"collection":[{"href":"https:\/\/www.delta-t.hu\/dtp\/index.php?rest_route=\/wp\/v2\/pages"}],"about":[{"href":"https:\/\/www.delta-t.hu\/dtp\/index.php?rest_route=\/wp\/v2\/types\/page"}],"author":[{"embeddable":true,"href":"https:\/\/www.delta-t.hu\/dtp\/index.php?rest_route=\/wp\/v2\/users\/1"}],"replies":[{"embeddable":true,"href":"https:\/\/www.delta-t.hu\/dtp\/index.php?rest_route=%2Fwp%2Fv2%2Fcomments&post=2"}],"version-history":[{"count":0,"href":"https:\/\/www.delta-t.hu\/dtp\/index.php?rest_route=\/wp\/v2\/pages\/2\/revisions"}],"wp:attachment":[{"href":"https:\/\/www.delta-t.hu\/dtp\/index.php?rest_route=%2Fwp%2Fv2%2Fmedia&parent=2"}],"curies":[{"name":"wp","href":"https:\/\/api.w.org\/{rel}","templated":true}]}}