{"id":17,"date":"2009-09-02T20:21:05","date_gmt":"2009-09-02T18:21:05","guid":{"rendered":"http:\/\/www.delta-t.hu\/dtp\/?page_id=17"},"modified":"2015-04-07T19:49:21","modified_gmt":"2015-04-07T17:49:21","slug":"tavfelugyelet","status":"publish","type":"page","link":"https:\/\/www.delta-t.hu\/dtp\/?page_id=17","title":{"rendered":"T\u00e1vfel\u00fcgyelet"},"content":{"rendered":"<h3><a href=\"https:\/\/www.delta-t.hu\/dtp\/wp-content\/uploads\/2015\/02\/CONTROLLROOM.jpg\"><img loading=\"lazy\" class=\"aligncenter  wp-image-311\" src=\"https:\/\/www.delta-t.hu\/dtp\/wp-content\/uploads\/2015\/02\/CONTROLLROOM.jpg\" alt=\"CONTROLLROOM\" width=\"694\" height=\"281\" srcset=\"https:\/\/www.delta-t.hu\/dtp\/wp-content\/uploads\/2015\/02\/CONTROLLROOM.jpg 607w, https:\/\/www.delta-t.hu\/dtp\/wp-content\/uploads\/2015\/02\/CONTROLLROOM-300x122.jpg 300w\" sizes=\"(max-width: 694px) 100vw, 694px\" \/><\/a>Mi\u00e9rt aj\u00e1nljuk, a kaz\u00e1nh\u00e1z t\u00e1vfel\u00fcgyelet?<\/h3>\n<ul>\n<li style=\"text-align: justify;\">A folyamatos g\u00e9pi hibaesem\u00e9ny figyel\u00e9s miatt biztons\u00e1gosabb \u00fczemvitelt eredm\u00e9nyez<\/li>\n<li style=\"text-align: justify;\">A folyamatos kontroll \u00e9s az automatiz\u00e1lt folyamatok miatt olcs\u00f3bb, mert kevesebb \u00e9l\u0151 munk\u00e1ra, kisz\u00e1ll\u00e1sra van sz\u00fcks\u00e9g, az energia felhaszn\u00e1l\u00e1s optimaliz\u00e1lhat\u00f3<\/li>\n<li style=\"text-align: justify;\">Az \u00fczemviteli jellemz\u0151k g\u00e9pi figyel\u00e9se miatt a hib\u00e1k gyorsan azonos\u00edthat\u00f3ak, a rendellenes m\u0171k\u00f6d\u00e9sek elker\u00fclhet\u0151k, esetleg t\u00e1vbeavatkoz\u00e1ssal elh\u00e1r\u00edthat\u00f3ak.<\/li>\n<li style=\"text-align: justify;\">Ha egy m\u0171szaki hiba bek\u00f6vetkezett, azonnal \u00e9szrevessz\u00fck, r\u00f6gt\u00f6n tudunk int\u00e9zkedni, m\u00e9g miel\u0151tt szolg\u00e1ltat\u00e1si panaszt, vagy\u00a0 komolyabb k\u00f6vetkezm\u00e9nyt okozna.<\/li>\n<li style=\"text-align: justify;\">A k\u00e9sz\u00fcl\u00e9k folyamatosan t\u00e1rolja a m\u0171k\u00f6d\u00e9s jellemz\u0151 adatait, h\u0151m\u00e9rs\u00e9klet, nyom\u00e1s stb. \u00e9rt\u00e9keket, ami a szolg\u00e1ltat\u00e1s min\u0151s\u00e9g\u00e9nek dokument\u00e1l\u00e1s\u00e1t is jelenti, fontos r\u00e9sz\u00e9t k\u00e9pezve a min\u0151s\u00e9gbiztos\u00edt\u00e1snak.<\/li>\n<li>Nem csak a hibaesem\u00e9nyeket, \u00fczemviteli jellemz\u0151ket t\u00e1rolja a g\u00e9p, hanem a beavatkoz\u00e1sokat is, \u00edgy 100%-ban dokument\u00e1lt \u00fczemvitelt kapunk.<\/li>\n<li style=\"text-align: justify;\">A t\u00e1vfel\u00fcgyelet egy DDC (direct digital controll) m\u00e1s n\u00e9ven plc, EEpromot alkalmaz\u00f3 ipari sz\u00e1m\u00edt\u00f3g\u00e9p seg\u00edts\u00e9g\u00e9vel val\u00f3s\u00edtjuk meg. Ez a kaz\u00e1nh\u00e1zi szab\u00e1lyoz\u00f3, vagy m\u00e1s n\u00e9ven \u00e9p\u00fcletfel\u00fcgyeleti rendszer sz\u00e1mos m\u00e1s feladatra is megtan\u00edthat\u00f3 minim\u00e1lis r\u00e1ford\u00edt\u00e1ssal. Megoldhatjuk vele a kaz\u00e1nh\u00e1z teljes szab\u00e1lyoz\u00e1s\u00e1t, \u00f6sszahangolhatjuk, optimaliz\u00e1lhatjuk az egyes berendez\u00e9sek m\u0171k\u00f6d\u00e9s\u00e9t, ez\u00e1ltal jobb szolg\u00e1ltat\u00e1si min\u0151s\u00e9get, energia takar\u00e9kos m\u0171k\u00f6d\u00e9st, ugyanakkor a dr\u00e1ga berendez\u00e9sek k\u00edm\u00e9l\u0151 \u00fczemm\u00f3dj\u00e1t is megval\u00f3s\u00edtjuk.<\/li>\n<li style=\"text-align: justify;\">A kaz\u00e1nh\u00e1zi folyamatokra az interneten kereszt\u00fcl (biztons\u00e1gos VPN alag\u00faton) a tulajdonos \u00e9s tov\u00e1bbi \u00e9rdekeltek is r\u00e1l\u00e1thatnak \u00e9s a kiosztott jogok alapj\u00e1n, vagy dokument\u00e1ltan avatkozhatnak be a rendszer m\u0171k\u00f6d\u00e9s\u00e9be. A hozz\u00e1f\u00e9r\u00e9s szem\u00e9lyi sz\u00e1m\u00edt\u00f3g\u00e9ppel laptoppal, t\u00f6rt\u00e9nik, de tablet, vagy mobil telefon is alkalmas inform\u00e1ci\u00f3k lek\u00e9r\u00e9s\u00e9re a rendszerr\u0151l.<\/li>\n<\/ul>\n<figure style=\"width: 226px\" class=\"wp-caption alignleft\"><a class=\"shutterset_01\" href=\"https:\/\/www.delta-t.hu\/dtp\/et\/keptar_dtp\/fotisema.gif\"><img loading=\"lazy\" class=\"    \" src=\"https:\/\/www.delta-t.hu\/dtp\/et\/keptar_dtp\/thumbs_fotisema.jpg\" alt=\"\" width=\"226\" height=\"170\" \/><\/a><figcaption class=\"wp-caption-text\">g\u00e9p\u00e9szeti kapcsol\u00e1si p\u00e9lda<\/figcaption><\/figure>\n<figure style=\"width: 134px\" class=\"wp-caption alignleft\"><a class=\"shutterset_01\" href=\"https:\/\/www.delta-t.hu\/dtp\/et\/keptar_dtp\/ddc_szekr.jpg\"><img loading=\"lazy\" class=\"      \" src=\"https:\/\/www.delta-t.hu\/dtp\/et\/keptar_dtp\/thumbs_szekreny.jpg\" alt=\"\" width=\"134\" height=\"179\" \/><\/a><figcaption class=\"wp-caption-text\">DDC szekr\u00e9ny<\/figcaption><\/figure>\n<figure style=\"width: 204px\" class=\"wp-caption alignleft\"><a class=\"shutterset_01\" href=\"https:\/\/www.delta-t.hu\/dtp\/et\/keptar_dtp\/semakep.jpg\"><img loading=\"lazy\" class=\" \" src=\"https:\/\/www.delta-t.hu\/dtp\/et\/keptar_dtp\/thumbs_semakep.jpg\" alt=\"\" width=\"204\" height=\"179\" \/><\/a><figcaption class=\"wp-caption-text\">kezel\u0151 fel\u00fclet p\u00e9lda<\/figcaption><\/figure>\n<p style=\"text-align: justify;\">A t\u00e1vfel\u00fcgyelt m\u00f3don val\u00f3 \u00fczemeltet\u00e9s alapvet\u0151 c\u00e9lja az \u00fczemeltet\u00e9si b\u00e9r \u00e9s energia k\u00f6lts\u00e9gek cs\u00f6kkent\u00e9se, az emberi odafigyel\u00e9sn\u00e9l megb\u00edzhat\u00f3bb \u00e1lland\u00f3 g\u00e9pi fel\u00fcgyelet kialak\u00edt\u00e1sa, g\u00e9pi \u00fczemvitel dokument\u00e1ci\u00f3 megval\u00f3s\u00edt\u00e1sa. A t\u00e1vfel\u00fcgyelet kialak\u00edt\u00e1s\u00e1val n\u0151 a szolg\u00e1ltat\u00e1s sz\u00ednvonala, a biztons\u00e1gtechnikai szint. Az \u00fczemeltet\u00e9s az ig\u00e9nyekhez jobban igaz\u00edthat\u00f3. Az \u00fczemeltet\u0151 a rendszer \u00e1llapot\u00e1t b\u00e1rmikor t\u00e1volr\u00f3l ellen\u0151rizheti. Hibaesem\u00e9ny bek\u00f6vetkeztekor automatikus SMS \u00fczenetet , vagy e-mailt kap. Testre szabott szab\u00e1lyoz\u00e1si algoritmusainkkal a berendez\u00e9sek optim\u00e1lis \u00fczemvitele \u00e9rhet\u0151 el, \u00edgy az energetikai hat\u00e9konys\u00e1g jelent\u0151sen javul, a berendez\u00e9sek \u00e9lettartama kitol\u00f3dik.<\/p>\n<p style=\"text-align: justify;\">140kW egys\u00e9g teljes\u00edtm\u00e9ny felett az \u00fczemeltet\u00e9s biztons\u00e1ga szempontj\u00e1b\u00f3l a hat\u00e1lyos el\u0151\u00edr\u00e1sok, vagy gyeng\u00e9bb biztons\u00e1gtechnikai szint mellett enged\u00e9lyezik a m\u0171k\u00f6d\u00e9st \u00e1lland\u00f3 kezel\u0151i fel\u00fcgyelet mellett, vagy magasabb biztons\u00e1gtechnikai sz\u00ednvonal mellett, \u00fagynevezett id\u0151szakos helysz\u00edni ellen\u0151rz\u00e9sekkel, de folyamatos g\u00e9pi fel\u00fcgyelettel, t\u00e1vfel\u00fcgyelettel), magasabb szakk\u00e9pes\u00edt\u00e9s\u0171 \u00fczemeltet\u0151kkel. (GMBSZ-b\u0151l hivatkozott MSZ 12623 a hivatkoz\u00e1s miatt k\u00f6telez\u0151en betartand\u00f3 szabv\u00e1ny) \u00c9rezhet\u0151, hogy egy gyenge biztons\u00e1gtechnikai ki\u00e9p\u00edt\u00e9s hi\u00e1nyoss\u00e1gait folyamatos f\u0171t\u0151i szem\u00e9lyzettel p\u00f3tolni nagyobb kock\u00e1zatot jelent!!! A kaz\u00e1nh\u00e1z biztons\u00e1gtechnik\u00e1j\u00e1t alapvet\u0151en a be\u00e9p\u00edtett v\u00e9delmek garant\u00e1lj\u00e1k, a szolg\u00e1ltat\u00e1s min\u0151s\u00e9g\u00e9t \u00e9s az energetikai hat\u00e9konys\u00e1got a szab\u00e1lyoz\u00e1sok, automatik\u00e1k biztos\u00edtj\u00e1k. Az id\u0151szakos helysz\u00edni ellen\u0151rz\u00e9sek feladata a berendez\u00e9sek megfelel\u0151 \u00fczem\u00e9nek, helyes m\u0171k\u00f6d\u00e9s\u00e9nek ellen\u0151rz\u00e9se.<\/p>\n<p style=\"text-align: justify;\">A nagy \u00e9rt\u00e9k\u0171 berendez\u00e9sek, az \u00f6sszetett \u00fczemvitel, \u00f3ri\u00e1si energiak\u00f6lts\u00e9gek, nem csek\u00e9ly felel\u0151ss\u00e9ge miatt, kulcsfontoss\u00e1g\u00fa az \u00fczemeltet\u00e9s m\u00f3dj\u00e1nak helyes megv\u00e1laszt\u00e1sa.<\/p>\n<p style=\"text-align: right;\"><a href=\"https:\/\/www.delta-t.hu\/dtp\/wp-content\/uploads\/2015\/02\/index2.jpg\"><img loading=\"lazy\" class=\"  wp-image-322 alignleft\" src=\"https:\/\/www.delta-t.hu\/dtp\/wp-content\/uploads\/2015\/02\/rz_products_qualmgmt.jpg\" alt=\"rz_products_qualmgmt\" width=\"217\" height=\"123\" srcset=\"https:\/\/www.delta-t.hu\/dtp\/wp-content\/uploads\/2015\/02\/rz_products_qualmgmt.jpg 571w, https:\/\/www.delta-t.hu\/dtp\/wp-content\/uploads\/2015\/02\/rz_products_qualmgmt-300x170.jpg 300w\" sizes=\"(max-width: 217px) 100vw, 217px\" \/><\/a><a href=\"https:\/\/www.delta-t.hu\/dtp\/wp-content\/uploads\/2015\/02\/index2.jpg\"><img loading=\"lazy\" class=\"  wp-image-323 alignleft\" src=\"https:\/\/www.delta-t.hu\/dtp\/wp-content\/uploads\/2015\/02\/index2.jpg\" alt=\"index2\" width=\"162\" height=\"131\" \/><\/a><\/p>\n<p style=\"text-align: justify;\"><a href=\"https:\/\/www.delta-t.hu\/dtp\/wp-content\/uploads\/2015\/02\/htc.jpg\"><img loading=\"lazy\" class=\"  wp-image-319 alignleft\" src=\"https:\/\/www.delta-t.hu\/dtp\/wp-content\/uploads\/2015\/02\/htc.jpg\" alt=\"htc\" width=\"218\" height=\"146\" srcset=\"https:\/\/www.delta-t.hu\/dtp\/wp-content\/uploads\/2015\/02\/htc.jpg 410w, https:\/\/www.delta-t.hu\/dtp\/wp-content\/uploads\/2015\/02\/htc-300x200.jpg 300w\" sizes=\"(max-width: 218px) 100vw, 218px\" \/><\/a>Kiel\u00e9g\u00edt\u0151 komfort melletti energiatakar\u00e9koss\u00e1g, gazdas\u00e1gos, a berendez\u00e9seket legjobban k\u00edm\u00e9l\u0151 \u00fczemvitel komoly szak\u00e9rtelmet, a rendszer m\u0171k\u00f6d\u00e9s\u00e9nek \u00f6sszehangol\u00e1s\u00e1t, folyamatos odafigyel\u00e9st, \u00e9rdekelts\u00e9get tesz sz\u00fcks\u00e9gess\u00e9. Az elm\u00falt \u00e9vekben a berendez\u00e9sek precizit\u00e1sa, bonyolults\u00e1ga, \u00e9s egyben ig\u00e9nyess\u00e9ge, \u00e9rz\u00e9kenys\u00e9ge az \u00fczemi viszonyokra nagym\u00e9rt\u00e9kben n\u00f6vekedett, ami szint\u00e9n a szakmai fel\u00fcgyeletet helyezi el\u0151t\u00e9rbe. A kaz\u00e1n\u00fczemben t\u00f6bb szakter\u00fclet keresztez\u0151dik: hidraulika, t\u00fczel\u00e9stechnika, \u00e1raml\u00e1stan, villamos-automatika, h\u0151tan, v\u00edzk\u00e9mia, anyagismeret, folyamatir\u00e1ny\u00edt\u00e1s, v\u00edzeg\u00e9szs\u00e9g\u00fcgy (pl.legionella elleni v\u00e9dekez\u00e9s) stb. C\u00e9lszer\u0171 az \u00fczemeltet\u0151k\u00e9nt olyan szakembereket alkalmazni, akik, tud\u00e1suk, \u00e9s tapasztalatuk r\u00e9v\u00e9n a fenti folyamatokkal tiszt\u00e1ban vannak, a szakmai \u00e9s techikai felk\u00e9sz\u00fclts\u00e9g\u00fck alapj\u00e1n k\u00e9pesek a berendez\u00e9sek felel\u0151s\u00e9ggel t\u00f6rt\u00e9n\u0151 \u00fczemeltet\u00e9s\u00e9re, hibaelh\u00e1r\u00edt\u00e1s\u00e1ra, jav\u00edt\u00e1s\u00e1ra.<\/p>\n<p>Az egykor sz\u00e9nlap\u00e1tol\u00f3 f\u0171t\u0151 feladatk\u00f6re lassan m\u00e9rn\u0151ki felk\u00e9sz\u00fclts\u00e9get tesz sz\u00fcks\u00e9gess\u00e9.<\/p>\n<p style=\"text-align: justify;\">A modern technol\u00f3gi\u00e1kat haszn\u00e1l\u00f3 kaz\u00e1nh\u00e1zakban m\u00e1ra a legnagyobb vesz\u00e9lyforr\u00e1s a hagyom\u00e1nyos k\u00e9pzetts\u00e9g\u0171 kaz\u00e1nf\u0171t\u0151 lett. Ez a t\u00e9ny \u00e9s a magas b\u00e9rk\u00f6lts\u00e9gek, valamint az automatiz\u00e1l\u00e1s nyom\u00e1n lesz\u0171k\u00fclt f\u0171t\u0151i feladatk\u00f6r el\u0151t\u00e9rbe \u00e1ll\u00edtja a t\u00e1vfel\u00fcgyelt \u00fczemeltet\u00e9si m\u00f3dot, napi- heti, vagy havi egyszeri helyi \u00fczemviteli ellen\u0151rz\u00e9ssel.<\/p>\n<p style=\"text-align: justify;\">A kaz\u00e1nh\u00e1zi rendszer alapvet\u0151 fil\u00f3z\u00f3fi\u00e1ja, hogy a kaz\u00e1nh\u00e1z \u00f6n\u00e1ll\u00f3 \u00e9s f\u00fcggetlen auton\u00f3m v\u00e9delmekkel rendelkezzen, b\u00e1rmely, a fizikai folyamatokat jellemz\u0151 param\u00e9ter vesz\u00e9lyhelyzetet jelent\u0151 megv\u00e1ltoz\u00e1sa eset\u00e9n biztons\u00e1gos alaphelyzetbe \u00e1ll\u00edtsa a rendszert. A kommunik\u00e1ci\u00f3s csatorn\u00e1n (pl. internet), csak a biztons\u00e1got nem \u00e9rint\u0151 utas\u00edt\u00e1sok, \u00e9s lek\u00e9rdez\u00e9sek t\u00f6rt\u00e9nnek, pl. adatgy\u0171jt\u00e9s, szab\u00e1lyoz\u00e1si param\u00e9terek \u00e1ll\u00edt\u00e1sa, szivatty\u00fa, kaz\u00e1n ind\u00edt\u00e1si parancs, kaz\u00e1n alapjel. A biztons\u00e1got jelent\u0151 v\u00e9delmek f\u00fcggetlen, helyi m\u0171k\u00f6d\u00e9s\u0171ek\u00a0 (pl. t\u00fczel\u00e9svez\u00e9rl\u00e9s a kaz\u00e1nvez\u00e9rl\u0151 automatika feladata, azt b\u00e1rhogy befoly\u00e1solni tilos!) Hangs\u00falyozni kell, hogy a szab\u00e1lyoz\u00f3 folyamatos m\u0171k\u00f6d\u00e9se nem f\u00fcgg a t\u00e1vel\u00e9r\u00e9shez haszn\u00e1lt kommunik\u00e1ci\u00f3 esetleges kimarad\u00e1s\u00e1t\u00f3l.<\/p>\n<h3><a href=\"https:\/\/www.delta-t.hu\/dtp\/wp-content\/uploads\/2015\/04\/DSC_5318_tn.jpg\"><img loading=\"lazy\" class=\"  wp-image-352 alignright\" src=\"https:\/\/www.delta-t.hu\/dtp\/wp-content\/uploads\/2015\/04\/DSC_5318_tn.jpg\" alt=\"DSC_5318_tn\" width=\"377\" height=\"251\" srcset=\"https:\/\/www.delta-t.hu\/dtp\/wp-content\/uploads\/2015\/04\/DSC_5318_tn.jpg 1024w, https:\/\/www.delta-t.hu\/dtp\/wp-content\/uploads\/2015\/04\/DSC_5318_tn-300x200.jpg 300w\" sizes=\"(max-width: 377px) 100vw, 377px\" \/><\/a><\/h3>\n<p style=\"text-align: justify;\"><a title=\"DDC\" href=\"https:\/\/www.delta-t.hu\/dtp\/?page_id=313\">Ismerje meg a t\u00e1vfel\u00fcgyelhet\u0151 szab\u00e1lyoz\u00f3 DDC (Direkt Digital Controll) k\u00e9sz\u00fcl\u00e9ket.<\/a><\/p>\n<h3><\/h3>\n<h3><\/h3>\n","protected":false},"excerpt":{"rendered":"<p>Mi\u00e9rt aj\u00e1nljuk, a kaz\u00e1nh\u00e1z t\u00e1vfel\u00fcgyelet? A folyamatos g\u00e9pi hibaesem\u00e9ny figyel\u00e9s miatt biztons\u00e1gosabb \u00fczemvitelt eredm\u00e9nyez A folyamatos kontroll \u00e9s az automatiz\u00e1lt folyamatok miatt olcs\u00f3bb, mert kevesebb \u00e9l\u0151 munk\u00e1ra, kisz\u00e1ll\u00e1sra van sz\u00fcks\u00e9g, az energia felhaszn\u00e1l\u00e1s optimaliz\u00e1lhat\u00f3 Az \u00fczemviteli jellemz\u0151k g\u00e9pi figyel\u00e9se miatt a hib\u00e1k gyorsan azonos\u00edthat\u00f3ak, a rendellenes m\u0171k\u00f6d\u00e9sek elker\u00fclhet\u0151k, esetleg t\u00e1vbeavatkoz\u00e1ssal elh\u00e1r\u00edthat\u00f3ak. Ha egy m\u0171szaki hiba &hellip; <a href=\"https:\/\/www.delta-t.hu\/dtp\/?page_id=17\" class=\"more-link\"><span class=\"screen-reader-text\">T\u00e1vfel\u00fcgyelet<\/span> r\u00e9szletei&#8230;<\/a><\/p>\n","protected":false},"author":1,"featured_media":0,"parent":0,"menu_order":0,"comment_status":"closed","ping_status":"closed","template":"","meta":[],"_links":{"self":[{"href":"https:\/\/www.delta-t.hu\/dtp\/index.php?rest_route=\/wp\/v2\/pages\/17"}],"collection":[{"href":"https:\/\/www.delta-t.hu\/dtp\/index.php?rest_route=\/wp\/v2\/pages"}],"about":[{"href":"https:\/\/www.delta-t.hu\/dtp\/index.php?rest_route=\/wp\/v2\/types\/page"}],"author":[{"embeddable":true,"href":"https:\/\/www.delta-t.hu\/dtp\/index.php?rest_route=\/wp\/v2\/users\/1"}],"replies":[{"embeddable":true,"href":"https:\/\/www.delta-t.hu\/dtp\/index.php?rest_route=%2Fwp%2Fv2%2Fcomments&post=17"}],"version-history":[{"count":0,"href":"https:\/\/www.delta-t.hu\/dtp\/index.php?rest_route=\/wp\/v2\/pages\/17\/revisions"}],"wp:attachment":[{"href":"https:\/\/www.delta-t.hu\/dtp\/index.php?rest_route=%2Fwp%2Fv2%2Fmedia&parent=17"}],"curies":[{"name":"wp","href":"https:\/\/api.w.org\/{rel}","templated":true}]}}